{"id":2,"date":"2016-05-10T03:48:21","date_gmt":"2016-05-10T01:48:21","guid":{"rendered":"https:\/\/kotki.ain-point.pl\/?page_id=2"},"modified":"2023-04-14T15:14:49","modified_gmt":"2023-04-14T13:14:49","slug":"wystawy-zasady","status":"publish","type":"page","link":"https:\/\/kotki.ain-point.pl\/?page_id=2","title":{"rendered":"Wystawy &#8211; zasady"},"content":{"rendered":"<div data-colibri-id=\"2-c1\" class=\"style-543 style-local-2-c1 position-relative\">\n  <!---->\n  <div data-colibri-component=\"section\" data-colibri-id=\"2-c2\" id=\"blank\" class=\"h-section h-section-global-spacing d-flex align-items-lg-center align-items-md-center align-items-center style-548 style-local-2-c2 position-relative\">\n    <!---->\n    <!---->\n    <div class=\"h-section-grid-container h-section-boxed-container\">\n      <!---->\n      <div data-colibri-id=\"2-c3\" class=\"h-row-container gutters-row-lg-1 gutters-row-md-1 gutters-row-0 gutters-row-v-lg-1 gutters-row-v-md-1 gutters-row-v-1 style-549 style-local-2-c3 position-relative\">\n        <!---->\n        <div class=\"h-row justify-content-lg-end justify-content-md-end justify-content-end align-items-lg-stretch align-items-md-stretch align-items-stretch gutters-col-lg-1 gutters-col-md-1 gutters-col-0 gutters-col-v-lg-1 gutters-col-v-md-1 gutters-col-v-1\">\n          <!---->\n          <div class=\"h-column h-column-container d-flex h-col-lg-auto h-col-md-auto h-col-auto style-551-outer style-local-2-c4-outer\">\n            <div data-colibri-id=\"2-c4\" class=\"d-flex h-flex-basis h-column__inner h-px-lg-2 h-px-md-2 h-px-2 v-inner-lg-2 v-inner-md-2 v-inner-2 style-551 style-local-2-c4 position-relative\">\n              <!---->\n              <!---->\n              <div class=\"w-100 h-y-container h-column__content h-column__v-align flex-basis-100 align-self-lg-start align-self-md-start align-self-start\">\n                <!---->\n                <div data-colibri-id=\"2-c5\" class=\"h-global-transition-all h-heading style-562 style-local-2-c5 position-relative h-element\">\n                  <!---->\n                  <div class=\"h-heading__outer style-562 style-local-2-c5\">\n                    <!---->\n                    <!---->\n                    <h4 class=\"\">Zasady oceniania na wystawach<\/h4>\n                  <\/div>\n                <\/div>\n                <div data-colibri-id=\"2-c6\" class=\"h-text h-text-component style-561 style-local-2-c6 position-relative h-element\">\n                  <!---->\n                  <!---->\n                  <div class=\"\">\n                    <p>Jest wiele organizacji zajmuj\u0105cych si\u0119 zjednaczaniem mi\u0142o\u015bnik\u00f3w kot\u00f3w na ca\u0142ym \u015bwiecie, np. FIFe, CFA, TICA, WCF, czy GCCF. Organizacje te maj\u0105 r\u00f3\u017cne zasady wystawiania kotom ocen i tytu\u0142\u00f3w na wystawach. Nasza hodowla nale\u017cy do organizacji\n                      FIFe i poni\u017cej przedstawimy zasady panuj\u0105ce na wystawach pod jej patronatem.<\/p>\n                    <p>S\u0105 cztery kategorie, w kt\u00f3rych koty s\u0105 wystawiane:<\/p>\n                    <ul>\n                      <li>Kategoria I &#8211; koty egzotyczne i persy;<\/li>\n                      <li>Kategoria II &#8211; koty p\u00f3\u0142d\u0142ugow\u0142ose (np. Syberyjskie);<\/li>\n                      <li>Kategoria III &#8211; koty kr\u00f3tkow\u0142ose (np. Brytyjskie);<\/li>\n                      <li>Kategoria IV &#8211; koty orientalne i syjamskie.<\/li>\n                    <\/ul>\n                    <p>W tych kategoriach oraz w r\u00f3\u017cnych klasach, kt\u00f3re zale\u017cn\u0105 od utytu\u0142owania, kocury por\u00f3wnywane s\u0105 z kocurami, a kotki z kotkami (a mioty z miotami). S\u0119dziowie wystawiaj\u0105 im oceny bior\u0105c pod uwag\u0119 cechy okre\u015blone w standardach i na tej\n                      podstawie otrzymuj\u0105 dyplomy i tytu\u0142u.&nbsp;<\/p>\n                    <p><span style=\"color: rgb(23, 37, 42); font-family: &quot;Open Sans&quot;; font-size: 16px; font-weight: 400;\">Ka\u017cda organizacja okre\u015bla standardy rasy np. kszta\u0142t g\u0142owy, oczy, uczy, ogon, futro, kondycj\u0119 fizyczn\u0105.<\/span><\/p>\n                    <p>Koty mog\u0105 otrzyma\u0107 nast\u0119puj\u0105ce oceny, wyr\u00f3\u017cnienia i tytu\u0142y:<\/p>\n                    <ul>\n                      <li>Ex &#8211; ocena doskona\u0142a (excellent) &#8211; pierwsze cztery miejsca EX1 &#8211; EX4;<\/li>\n                      <li>SG \/ VG &#8211; ocena bardzo dobra;<\/li>\n                      <li>G &#8211; ocena dobra.<\/li>\n                    <\/ul>\n                    <p>Tytu\u0142y:<\/p>\n                    <ul>\n                      <li>Champion (CH) &#8211; uzyskany po zdobyciu trzech ocen EX1 (CAC) w kraju;<\/li>\n                      <li>Inter Champion (IC) &#8211; uzyskany po zdobyciu dw\u00f3ch ocen EX1 (CACIB) w kraju i jednego za granic\u0105;<\/li>\n                      <li>Grand Inter Champion (GIC) &#8211; uzyskany po zdobyciu czterech ocen Ex1 (CAGCIB) w kraju i dw\u00f3ch za granic\u0105;<\/li>\n                      <li>Supreme Champion (SC), dawniej Europa Champion (EC) &#8211; uzyskany po zdobyciu dziewi\u0119ciu ocen EX1 (CACS) w trzech r\u00f3\u017cnych krajach.<\/li>\n                    <\/ul>\n                    <p>Dodatkowe:<\/p>\n                    <ul>\n                      <li>BIV \/ BOV &#8211; najlepszy kot w kolorze \/ rasie;<\/li>\n                      <li>Nom BIS &#8211; nominacja do BEST IN SHOW;<\/li>\n                      <li>BIS &#8211; BEST IN SHOW;<\/li>\n                      <li>BOS &#8211; BEST OPP. SEX;<\/li>\n                      <li>BIC &#8211; BEST IN CATEGORY;<\/li>\n                      <li>BOB &#8211; BEST OF BEST;<\/li>\n                      <li>DYSQ &#8211; dyskwalifikacja;<\/li>\n                      <li>ABS &#8211; absencja;<\/li>\n                      <li>Ohme \/ without \/ % &#8211; brak certyfikatu.<\/li>\n                    <\/ul>\n                  <\/div>\n                <\/div>\n              <\/div>\n            <\/div>\n          <\/div>\n        <\/div>\n      <\/div>\n    <\/div>\n  <\/div>\n<\/div>","protected":false},"excerpt":{"rendered":"<p>Zasady oceniania na wystawach Jest wiele organizacji zajmuj\u0105cych si\u0119 zjednaczaniem mi\u0142o\u015bnik\u00f3w kot\u00f3w na ca\u0142ym \u015bwiecie, np. FIFe, CFA, TICA, WCF, czy GCCF. Organizacje te maj\u0105 r\u00f3\u017cne zasady wystawiania kotom ocen i tytu\u0142\u00f3w na wystawach. Nasza hodowla nale\u017cy do organizacji FIFe i poni\u017cej przedstawimy zasady panuj\u0105ce na wystawach pod jej patronatem. S\u0105 cztery kategorie, w kt\u00f3rych [&hellip;]<\/p>\n","protected":false},"author":1,"featured_media":0,"parent":0,"menu_order":0,"comment_status":"closed","ping_status":"closed","template":"page-templates\/homepage.php","meta":{"ngg_post_thumbnail":0,"footnotes":""},"class_list":["post-2","page","type-page","status-publish","hentry"],"_links":{"self":[{"href":"https:\/\/kotki.ain-point.pl\/index.php?rest_route=\/wp\/v2\/pages\/2","targetHints":{"allow":["GET"]}}],"collection":[{"href":"https:\/\/kotki.ain-point.pl\/index.php?rest_route=\/wp\/v2\/pages"}],"about":[{"href":"https:\/\/kotki.ain-point.pl\/index.php?rest_route=\/wp\/v2\/types\/page"}],"author":[{"embeddable":true,"href":"https:\/\/kotki.ain-point.pl\/index.php?rest_route=\/wp\/v2\/users\/1"}],"replies":[{"embeddable":true,"href":"https:\/\/kotki.ain-point.pl\/index.php?rest_route=%2Fwp%2Fv2%2Fcomments&post=2"}],"version-history":[{"count":8,"href":"https:\/\/kotki.ain-point.pl\/index.php?rest_route=\/wp\/v2\/pages\/2\/revisions"}],"predecessor-version":[{"id":1176,"href":"https:\/\/kotki.ain-point.pl\/index.php?rest_route=\/wp\/v2\/pages\/2\/revisions\/1176"}],"wp:attachment":[{"href":"https:\/\/kotki.ain-point.pl\/index.php?rest_route=%2Fwp%2Fv2%2Fmedia&parent=2"}],"curies":[{"name":"wp","href":"https:\/\/api.w.org\/{rel}","templated":true}]}}