{"id":1302,"date":"2023-04-14T15:57:12","date_gmt":"2023-04-14T13:57:12","guid":{"rendered":"https:\/\/kotki.ain-point.pl\/?page_id=1302"},"modified":"2023-04-14T16:14:41","modified_gmt":"2023-04-14T14:14:41","slug":"miot-b","status":"publish","type":"page","link":"https:\/\/kotki.ain-point.pl\/?page_id=1302","title":{"rendered":"Miot B"},"content":{"rendered":"<div data-colibri-id=\"1302-c1\" class=\"style-733 style-local-1302-c1 position-relative\">\n  <!---->\n  <div data-colibri-component=\"section\" data-colibri-id=\"1302-c2\" id=\"miotb-rodzice\" class=\"h-section h-section-global-spacing d-flex align-items-lg-center align-items-md-center align-items-center style-734 style-local-1302-c2 position-relative\">\n    <!---->\n    <!---->\n    <div class=\"h-section-grid-container h-section-boxed-container\">\n      <!---->\n      <div data-colibri-id=\"1302-c3\" class=\"h-row-container gutters-row-lg-2 gutters-row-md-2 gutters-row-0 gutters-row-v-lg-2 gutters-row-v-md-2 gutters-row-v-2 style-735 style-local-1302-c3 position-relative\">\n        <!---->\n        <div class=\"h-row justify-content-lg-center justify-content-md-center justify-content-center align-items-lg-stretch align-items-md-stretch align-items-stretch gutters-col-lg-2 gutters-col-md-2 gutters-col-0 gutters-col-v-lg-2 gutters-col-v-md-2 gutters-col-v-2\">\n          <!---->\n          <div class=\"h-column h-column-container d-flex h-col-lg-auto h-col-md-auto h-col-auto style-736-outer style-local-1302-c4-outer\">\n            <div data-colibri-id=\"1302-c4\" class=\"d-flex h-flex-basis h-column__inner h-px-lg-2 h-px-md-2 h-px-2 v-inner-lg-2 v-inner-md-2 v-inner-2 style-736 style-local-1302-c4 position-relative\">\n              <!---->\n              <!---->\n              <div class=\"w-100 h-y-container h-column__content h-column__v-align flex-basis-100 align-self-lg-start align-self-md-start align-self-start\">\n                <!---->\n                <div data-colibri-id=\"1302-c5\" class=\"h-text h-text-component style-737 style-local-1302-c5 position-relative h-element\">\n                  <!---->\n                  <!---->\n                  <div class=\"\">\n                    <p>1 stycznia 2010 roku szcz\u0119\u015bliwymi rodzicami zostali:<\/p>\n                  <\/div>\n                <\/div>\n              <\/div>\n            <\/div>\n          <\/div>\n        <\/div>\n      <\/div>\n      <div data-colibri-id=\"1302-c6\" class=\"h-row-container gutters-row-lg-0 gutters-row-md-0 gutters-row-0 gutters-row-v-lg-0 gutters-row-v-md-0 gutters-row-v-0 style-738 style-local-1302-c6 position-relative\">\n        <!---->\n        <div class=\"h-row justify-content-lg-center justify-content-md-center justify-content-center align-items-lg-stretch align-items-md-stretch align-items-stretch gutters-col-lg-0 gutters-col-md-0 gutters-col-0 gutters-col-v-lg-0 gutters-col-v-md-0 gutters-col-v-0\">\n          <!---->\n          <div class=\"h-column h-column-container d-flex h-col-lg-auto h-col-md-auto h-col-auto style-741-outer style-local-1302-c9-outer\">\n            <div data-colibri-id=\"1302-c9\" class=\"d-flex h-flex-basis h-column__inner h-px-lg-0 h-px-md-0 h-px-0 v-inner-lg-0 v-inner-md-0 v-inner-0 style-741 style-local-1302-c9 position-relative\">\n              <!---->\n              <!---->\n              <div class=\"w-100 h-y-container h-column__content h-column__v-align flex-basis-100 align-self-lg-start align-self-md-start align-self-start\">\n                <!---->\n                <div data-colibri-id=\"1302-c10\" class=\"h-global-transition-all h-heading style-742 style-local-1302-c10 position-relative h-element\">\n                  <!---->\n                  <div class=\"h-heading__outer style-742 style-local-1302-c10\">\n                    <!---->\n                    <!---->\n                    <h4 class=\"\">IC Berenika Z Jadeitu*PL<\/h4>\n                  <\/div>\n                <\/div>\n              <\/div>\n            <\/div>\n          <\/div>\n          <div class=\"h-column h-column-container d-flex h-col-lg-auto h-col-md-auto h-col-auto style-739-outer style-local-1302-c7-outer\">\n            <div data-colibri-id=\"1302-c7\" class=\"d-flex h-flex-basis h-column__inner h-px-lg-0 h-px-md-0 h-px-0 v-inner-lg-0 v-inner-md-0 v-inner-0 style-739 style-local-1302-c7 position-relative\">\n              <!---->\n              <!---->\n              <div class=\"w-100 h-y-container h-column__content h-column__v-align flex-basis-100 align-self-lg-start align-self-md-start align-self-start\">\n                <!---->\n                <div data-colibri-id=\"1302-c8\" class=\"h-global-transition-all h-heading style-740 style-local-1302-c8 position-relative h-element\">\n                  <!---->\n                  <div class=\"h-heading__outer style-740 style-local-1302-c8\">\n                    <!---->\n                    <!---->\n                    <h4 class=\"\">GIC Flash Ericus*PL<\/h4>\n                  <\/div>\n                <\/div>\n              <\/div>\n            <\/div>\n          <\/div>\n        <\/div>\n      <\/div>\n    <\/div>\n  <\/div>\n  <div data-colibri-component=\"section\" data-colibri-id=\"1302-c15\" id=\"bianca\" class=\"h-section h-section-global-spacing d-flex align-items-lg-center align-items-md-center align-items-center style-747 style-local-1302-c15 position-relative\">\n    <!---->\n    <!---->\n    <div class=\"h-section-grid-container h-section-boxed-container\">\n      <!---->\n      <div data-colibri-id=\"1302-c16\" class=\"h-row-container gutters-row-lg-0 gutters-row-md-0 gutters-row-0 gutters-row-v-lg-0 gutters-row-v-md-0 gutters-row-v-0 style-748 style-local-1302-c16 position-relative\">\n        <!---->\n        <div class=\"h-row justify-content-lg-center justify-content-md-center justify-content-center align-items-lg-stretch align-items-md-stretch align-items-stretch gutters-col-lg-0 gutters-col-md-0 gutters-col-0 gutters-col-v-lg-0 gutters-col-v-md-0 gutters-col-v-0\">\n          <!---->\n          <div class=\"h-column h-column-container d-flex h-col-lg-auto h-col-md-auto h-col-auto style-749-outer style-local-1302-c17-outer\">\n            <div data-colibri-id=\"1302-c17\" class=\"d-flex h-flex-basis h-column__inner h-px-lg-2 h-px-md-2 h-px-2 v-inner-lg-2 v-inner-md-2 v-inner-2 style-749 style-local-1302-c17 position-relative\">\n              <!---->\n              <!---->\n              <div class=\"w-100 h-y-container h-column__content h-column__v-align flex-basis-100 align-self-lg-start align-self-md-start align-self-start\">\n                <!---->\n                <div data-colibri-id=\"1302-c18\" class=\"h-text h-text-component style-750 style-local-1302-c18 position-relative h-element\">\n                  <!---->\n                  <!---->\n                  <div class=\"\">\n                    <p>Dzieci:<\/p>\n                  <\/div>\n                <\/div>\n              <\/div>\n            <\/div>\n          <\/div>\n        <\/div>\n      <\/div>\n      <div data-colibri-id=\"1302-c19\" class=\"h-row-container gutters-row-lg-2 gutters-row-md-2 gutters-row-0 gutters-row-v-lg-2 gutters-row-v-md-2 gutters-row-v-2 style-751 style-local-1302-c19 position-relative\">\n        <!---->\n        <div class=\"h-row justify-content-lg-center justify-content-md-center justify-content-center align-items-lg-stretch align-items-md-stretch align-items-stretch gutters-col-lg-2 gutters-col-md-2 gutters-col-0 gutters-col-v-lg-2 gutters-col-v-md-2 gutters-col-v-2\">\n          <!---->\n          <div class=\"h-column h-column-container d-flex h-col-lg-auto h-col-md-auto h-col-auto style-752-outer style-local-1302-c20-outer\">\n            <div data-colibri-id=\"1302-c20\" class=\"d-flex h-flex-basis h-column__inner h-px-lg-0 h-px-md-0 h-px-0 v-inner-lg-0 v-inner-md-0 v-inner-0 style-752 style-local-1302-c20 position-relative\">\n              <!---->\n              <!---->\n              <div class=\"w-100 h-y-container h-column__content h-column__v-align flex-basis-100 align-self-lg-start align-self-md-start align-self-start\">\n                <!---->\n                <div data-colibri-id=\"1302-c21\" class=\"h-global-transition-all h-heading style-753 style-local-1302-c21 position-relative h-element\">\n                  <!---->\n                  <div class=\"h-heading__outer style-753 style-local-1302-c21\">\n                    <!---->\n                    <!---->\n                    <h4 class=\"\">Bianca Z G\u00f3r Sajan*PL (n 23)<\/h4>\n                  <\/div>\n                <\/div>\n                <div data-colibri-id=\"1302-c22\" class=\"h-text h-text-component style-754 style-local-1302-c22 position-relative h-element\">\n                  <!---->\n                  <!---->\n                  <div class=\"\">\n                    <p>Kotka &#8211; mieszka w Gda\u0144sku<\/p>\n                  <\/div>\n                <\/div>\n              <\/div>\n            <\/div>\n          <\/div>\n        <\/div>\n      <\/div>\n      <div data-colibri-id=\"1302-c23\" class=\"h-row-container gutters-row-lg-0 gutters-row-md-0 gutters-row-0 gutters-row-v-lg-0 gutters-row-v-md-0 gutters-row-v-0 style-755 style-local-1302-c23 position-relative\">\n        <!---->\n        <div class=\"h-row justify-content-lg-center justify-content-md-center justify-content-center align-items-lg-stretch align-items-md-stretch align-items-stretch gutters-col-lg-0 gutters-col-md-0 gutters-col-0 gutters-col-v-lg-0 gutters-col-v-md-0 gutters-col-v-0\">\n          <!---->\n          <div class=\"h-column h-column-container d-flex h-col-lg-auto h-col-md-auto h-col-auto style-757-outer style-local-1302-c24-outer\">\n            <div data-colibri-id=\"1302-c24\" class=\"d-flex h-flex-basis h-column__inner h-ui-empty-state-container h-px-lg-0 h-px-md-0 h-px-0 v-inner-lg-0 v-inner-md-0 v-inner-0 style-757 style-local-1302-c24 position-relative\">\n              <!---->\n              <!---->\n              <div class=\"w-100 h-y-container h-column__content h-column__v-align flex-basis-100\">\n                <!---->\n              <\/div>\n            <\/div>\n          <\/div>\n          <div class=\"h-column h-column-container d-flex h-col-lg-auto h-col-md-auto h-col-auto style-756-outer style-local-1302-c25-outer\">\n            <div data-colibri-id=\"1302-c25\" class=\"d-flex h-flex-basis h-column__inner h-ui-empty-state-container h-px-lg-0 h-px-md-0 h-px-0 v-inner-lg-0 v-inner-md-0 v-inner-0 style-756 style-local-1302-c25 position-relative\">\n              <!---->\n              <!---->\n              <div class=\"w-100 h-y-container h-column__content h-column__v-align flex-basis-100\">\n                <!---->\n              <\/div>\n            <\/div>\n          <\/div>\n        <\/div>\n      <\/div>\n    <\/div>\n  <\/div>\n  <div data-colibri-component=\"section\" data-colibri-id=\"1302-c30\" id=\"miotb-gal\" class=\"h-section h-section-global-spacing d-flex align-items-lg-center align-items-md-center align-items-center style-774 style-local-1302-c30 position-relative\">\n    <!---->\n    <!---->\n    <div class=\"h-section-grid-container h-section-boxed-container\">\n      <div data-colibri-id=\"1302-c34\" class=\"h-row-container gutters-row-lg-0 gutters-row-md-0 gutters-row-0 gutters-row-v-lg-0 gutters-row-v-md-0 gutters-row-v-0 style-778 style-local-1302-c34 position-relative\">\n        <!---->\n        <div class=\"h-row justify-content-lg-center justify-content-md-center justify-content-center align-items-lg-stretch align-items-md-stretch align-items-stretch gutters-col-lg-0 gutters-col-md-0 gutters-col-0 gutters-col-v-lg-0 gutters-col-v-md-0 gutters-col-v-0\">\n          <!---->\n          <div class=\"h-column h-column-container d-flex h-col-lg-auto h-col-md-auto h-col-auto style-779-outer style-local-1302-c35-outer\">\n            <div data-colibri-id=\"1302-c35\" class=\"d-flex h-flex-basis h-column__inner h-px-lg-0 h-px-md-0 h-px-0 v-inner-lg-0 v-inner-md-0 v-inner-0 style-779 style-local-1302-c35 position-relative\">\n              <!---->\n              <!---->\n              <div class=\"w-100 h-y-container h-column__content h-column__v-align flex-basis-100 align-self-lg-end align-self-md-end align-self-end\">\n                <!---->\n                <div data-colibri-id=\"1302-c36\" class=\"h-global-transition-all h-heading style-780 style-local-1302-c36 position-relative h-element\">\n                  <!---->\n                  <div class=\"h-heading__outer style-780 style-local-1302-c36\">\n                    <!---->\n                    <!---->\n                    <h4 class=\"\">Wsp\u00f3lne zdj\u0119cia (w tym przypadku) jednej kici z Miotu B<\/h4>\n                  <\/div>\n                <\/div>\n              <\/div>\n            <\/div>\n          <\/div>\n        <\/div>\n      <\/div>\n      <div data-colibri-id=\"1302-c31\" class=\"h-row-container gutters-row-lg-0 gutters-row-md-0 gutters-row-0 gutters-row-v-lg-0 gutters-row-v-md-0 gutters-row-v-0 style-775 style-local-1302-c31 position-relative\">\n        <!---->\n        <div class=\"h-row justify-content-lg-center justify-content-md-center justify-content-center align-items-lg-stretch align-items-md-stretch align-items-stretch gutters-col-lg-0 gutters-col-md-0 gutters-col-0 gutters-col-v-lg-0 gutters-col-v-md-0 gutters-col-v-0\">\n          <!---->\n          <div class=\"h-column h-column-container d-flex h-col-lg-auto h-col-md-auto h-col-auto style-776-outer style-local-1302-c32-outer\">\n            <div data-colibri-id=\"1302-c32\" class=\"d-flex h-flex-basis h-column__inner h-px-lg-0 h-px-md-0 h-px-0 v-inner-lg-0 v-inner-md-0 v-inner-0 style-776 style-local-1302-c32 position-relative\">\n              <!---->\n              <!---->\n              <div class=\"w-100 h-y-container h-column__content h-column__v-align flex-basis-100 align-self-lg-start align-self-md-start align-self-start\">\n                <!---->\n                <div data-colibri-id=\"1302-c33\" class=\"h-text h-text-component style-777 style-local-1302-c33 position-relative h-element\">\n                  <!---->\n                  <!---->\n                  <div class=\"\">\n                    <!-- default-view.php -->\n<div\n\tclass=\"ngg-galleryoverview default-view \"\n\tid=\"ngg-gallery-60a6b3b2340d5313af5cb9e5c6fd36ae-1\">\n\n\t\t<!-- Thumbnails -->\n\t\t\t\t<div id=\"ngg-image-0\" class=\"ngg-gallery-thumbnail-box \" >\n\t\t\t\t        <div class=\"ngg-gallery-thumbnail\">\n            <a href=\"https:\/\/kotki.ain-point.pl\/wp-content\/gallery\/miotb\/b3.jpg\"\n               title=\"\"\n               data-src=\"https:\/\/kotki.ain-point.pl\/wp-content\/gallery\/miotb\/b3.jpg\"\n               data-thumbnail=\"https:\/\/kotki.ain-point.pl\/wp-content\/gallery\/miotb\/thumbs\/thumbs_b3.jpg\"\n               data-image-id=\"17\"\n               data-title=\"Miot B\"\n               data-description=\"\"\n               data-image-slug=\"b3\"\n               class=\"ngg-simplelightbox\" rel=\"60a6b3b2340d5313af5cb9e5c6fd36ae\">\n                <img\n                    title=\"Miot B\"\n                    alt=\"Miot B\"\n                    src=\"https:\/\/kotki.ain-point.pl\/wp-content\/gallery\/miotb\/thumbs\/thumbs_b3.jpg\"\n                    width=\"240\"\n                    height=\"160\"\n                    style=\"max-width:100%;\"\n                \/>\n            <\/a>\n        <\/div>\n\t\t\t\t\t\t\t<\/div> \n\t\t\t\n\t\t\t\t<div id=\"ngg-image-1\" class=\"ngg-gallery-thumbnail-box \" >\n\t\t\t\t        <div class=\"ngg-gallery-thumbnail\">\n            <a href=\"https:\/\/kotki.ain-point.pl\/wp-content\/gallery\/miotb\/b2.jpg\"\n               title=\"\"\n               data-src=\"https:\/\/kotki.ain-point.pl\/wp-content\/gallery\/miotb\/b2.jpg\"\n               data-thumbnail=\"https:\/\/kotki.ain-point.pl\/wp-content\/gallery\/miotb\/thumbs\/thumbs_b2.jpg\"\n               data-image-id=\"18\"\n               data-title=\"Miot B\"\n               data-description=\"\"\n               data-image-slug=\"b2\"\n               class=\"ngg-simplelightbox\" rel=\"60a6b3b2340d5313af5cb9e5c6fd36ae\">\n                <img\n                    title=\"Miot B\"\n                    alt=\"Miot B\"\n                    src=\"https:\/\/kotki.ain-point.pl\/wp-content\/gallery\/miotb\/thumbs\/thumbs_b2.jpg\"\n                    width=\"240\"\n                    height=\"160\"\n                    style=\"max-width:100%;\"\n                \/>\n            <\/a>\n        <\/div>\n\t\t\t\t\t\t\t<\/div> \n\t\t\t\n\t\t\t\t<div id=\"ngg-image-2\" class=\"ngg-gallery-thumbnail-box \" >\n\t\t\t\t        <div class=\"ngg-gallery-thumbnail\">\n            <a href=\"https:\/\/kotki.ain-point.pl\/wp-content\/gallery\/miotb\/b4.jpg\"\n               title=\"\"\n               data-src=\"https:\/\/kotki.ain-point.pl\/wp-content\/gallery\/miotb\/b4.jpg\"\n               data-thumbnail=\"https:\/\/kotki.ain-point.pl\/wp-content\/gallery\/miotb\/thumbs\/thumbs_b4.jpg\"\n               data-image-id=\"19\"\n               data-title=\"Miot B\"\n               data-description=\"\"\n               data-image-slug=\"b4\"\n               class=\"ngg-simplelightbox\" rel=\"60a6b3b2340d5313af5cb9e5c6fd36ae\">\n                <img\n                    title=\"Miot B\"\n                    alt=\"Miot B\"\n                    src=\"https:\/\/kotki.ain-point.pl\/wp-content\/gallery\/miotb\/thumbs\/thumbs_b4.jpg\"\n                    width=\"240\"\n                    height=\"160\"\n                    style=\"max-width:100%;\"\n                \/>\n            <\/a>\n        <\/div>\n\t\t\t\t\t\t\t<\/div> \n\t\t\t\n\t\t\t\t<div id=\"ngg-image-3\" class=\"ngg-gallery-thumbnail-box \" >\n\t\t\t\t        <div class=\"ngg-gallery-thumbnail\">\n            <a href=\"https:\/\/kotki.ain-point.pl\/wp-content\/gallery\/miotb\/b8.jpg\"\n               title=\"\"\n               data-src=\"https:\/\/kotki.ain-point.pl\/wp-content\/gallery\/miotb\/b8.jpg\"\n               data-thumbnail=\"https:\/\/kotki.ain-point.pl\/wp-content\/gallery\/miotb\/thumbs\/thumbs_b8.jpg\"\n               data-image-id=\"20\"\n               data-title=\"Miot B\"\n               data-description=\"\"\n               data-image-slug=\"b8\"\n               class=\"ngg-simplelightbox\" rel=\"60a6b3b2340d5313af5cb9e5c6fd36ae\">\n                <img\n                    title=\"Miot B\"\n                    alt=\"Miot B\"\n                    src=\"https:\/\/kotki.ain-point.pl\/wp-content\/gallery\/miotb\/thumbs\/thumbs_b8.jpg\"\n                    width=\"240\"\n                    height=\"160\"\n                    style=\"max-width:100%;\"\n                \/>\n            <\/a>\n        <\/div>\n\t\t\t\t\t\t\t<\/div> \n\t\t\t\n\t\t\t\t<div id=\"ngg-image-4\" class=\"ngg-gallery-thumbnail-box \" >\n\t\t\t\t        <div class=\"ngg-gallery-thumbnail\">\n            <a href=\"https:\/\/kotki.ain-point.pl\/wp-content\/gallery\/miotb\/b5.jpg\"\n               title=\"\"\n               data-src=\"https:\/\/kotki.ain-point.pl\/wp-content\/gallery\/miotb\/b5.jpg\"\n               data-thumbnail=\"https:\/\/kotki.ain-point.pl\/wp-content\/gallery\/miotb\/thumbs\/thumbs_b5.jpg\"\n               data-image-id=\"21\"\n               data-title=\"Miot B\"\n               data-description=\"\"\n               data-image-slug=\"b5\"\n               class=\"ngg-simplelightbox\" rel=\"60a6b3b2340d5313af5cb9e5c6fd36ae\">\n                <img\n                    title=\"Miot B\"\n                    alt=\"Miot B\"\n                    src=\"https:\/\/kotki.ain-point.pl\/wp-content\/gallery\/miotb\/thumbs\/thumbs_b5.jpg\"\n                    width=\"240\"\n                    height=\"160\"\n                    style=\"max-width:100%;\"\n                \/>\n            <\/a>\n        <\/div>\n\t\t\t\t\t\t\t<\/div> \n\t\t\t\n\t\t\t\t<div id=\"ngg-image-5\" class=\"ngg-gallery-thumbnail-box \" >\n\t\t\t\t        <div class=\"ngg-gallery-thumbnail\">\n            <a href=\"https:\/\/kotki.ain-point.pl\/wp-content\/gallery\/miotb\/b1.jpg\"\n               title=\"\"\n               data-src=\"https:\/\/kotki.ain-point.pl\/wp-content\/gallery\/miotb\/b1.jpg\"\n               data-thumbnail=\"https:\/\/kotki.ain-point.pl\/wp-content\/gallery\/miotb\/thumbs\/thumbs_b1.jpg\"\n               data-image-id=\"22\"\n               data-title=\"Miot B\"\n               data-description=\"\"\n               data-image-slug=\"b1\"\n               class=\"ngg-simplelightbox\" rel=\"60a6b3b2340d5313af5cb9e5c6fd36ae\">\n                <img\n                    title=\"Miot B\"\n                    alt=\"Miot B\"\n                    src=\"https:\/\/kotki.ain-point.pl\/wp-content\/gallery\/miotb\/thumbs\/thumbs_b1.jpg\"\n                    width=\"240\"\n                    height=\"160\"\n                    style=\"max-width:100%;\"\n                \/>\n            <\/a>\n        <\/div>\n\t\t\t\t\t\t\t<\/div> \n\t\t\t\n\t\t\t\t<div id=\"ngg-image-6\" class=\"ngg-gallery-thumbnail-box \" >\n\t\t\t\t        <div class=\"ngg-gallery-thumbnail\">\n            <a href=\"https:\/\/kotki.ain-point.pl\/wp-content\/gallery\/miotb\/b7.jpg\"\n               title=\"\"\n               data-src=\"https:\/\/kotki.ain-point.pl\/wp-content\/gallery\/miotb\/b7.jpg\"\n               data-thumbnail=\"https:\/\/kotki.ain-point.pl\/wp-content\/gallery\/miotb\/thumbs\/thumbs_b7.jpg\"\n               data-image-id=\"23\"\n               data-title=\"Miot B\"\n               data-description=\"\"\n               data-image-slug=\"b7\"\n               class=\"ngg-simplelightbox\" rel=\"60a6b3b2340d5313af5cb9e5c6fd36ae\">\n                <img\n                    title=\"Miot B\"\n                    alt=\"Miot B\"\n                    src=\"https:\/\/kotki.ain-point.pl\/wp-content\/gallery\/miotb\/thumbs\/thumbs_b7.jpg\"\n                    width=\"240\"\n                    height=\"160\"\n                    style=\"max-width:100%;\"\n                \/>\n            <\/a>\n        <\/div>\n\t\t\t\t\t\t\t<\/div> \n\t\t\t\n\t\t\t\t<div id=\"ngg-image-7\" class=\"ngg-gallery-thumbnail-box \" >\n\t\t\t\t        <div class=\"ngg-gallery-thumbnail\">\n            <a href=\"https:\/\/kotki.ain-point.pl\/wp-content\/gallery\/miotb\/b6.jpg\"\n               title=\"\"\n               data-src=\"https:\/\/kotki.ain-point.pl\/wp-content\/gallery\/miotb\/b6.jpg\"\n               data-thumbnail=\"https:\/\/kotki.ain-point.pl\/wp-content\/gallery\/miotb\/thumbs\/thumbs_b6.jpg\"\n               data-image-id=\"24\"\n               data-title=\"Miot B\"\n               data-description=\"\"\n               data-image-slug=\"b6\"\n               class=\"ngg-simplelightbox\" rel=\"60a6b3b2340d5313af5cb9e5c6fd36ae\">\n                <img\n                    title=\"Miot B\"\n                    alt=\"Miot B\"\n                    src=\"https:\/\/kotki.ain-point.pl\/wp-content\/gallery\/miotb\/thumbs\/thumbs_b6.jpg\"\n                    width=\"240\"\n                    height=\"160\"\n                    style=\"max-width:100%;\"\n                \/>\n            <\/a>\n        <\/div>\n\t\t\t\t\t\t\t<\/div> \n\t\t\t\n\t\n\t<br style=\"clear: both\" \/>\n\n\t\n\t\t<!-- Pagination -->\n\t<div class='ngg-clear'><\/div>\t<\/div>\n\n                  <\/div>\n                <\/div>\n              <\/div>\n            <\/div>\n          <\/div>\n        <\/div>\n      <\/div>\n    <\/div>\n  <\/div>\n<\/div>","protected":false},"excerpt":{"rendered":"<p>1 stycznia 2010 roku szcz\u0119\u015bliwymi rodzicami zostali: IC Berenika Z Jadeitu*PL GIC Flash Ericus*PL Dzieci: Bianca Z G\u00f3r Sajan*PL (n 23) Kotka &#8211; mieszka w Gda\u0144sku Wsp\u00f3lne zdj\u0119cia (w tym przypadku) jednej kici z Miotu B<\/p>\n","protected":false},"author":1,"featured_media":0,"parent":0,"menu_order":0,"comment_status":"closed","ping_status":"closed","template":"page-templates\/homepage.php","meta":{"ngg_post_thumbnail":0,"footnotes":""},"class_list":["post-1302","page","type-page","status-publish","hentry"],"_links":{"self":[{"href":"https:\/\/kotki.ain-point.pl\/index.php?rest_route=\/wp\/v2\/pages\/1302","targetHints":{"allow":["GET"]}}],"collection":[{"href":"https:\/\/kotki.ain-point.pl\/index.php?rest_route=\/wp\/v2\/pages"}],"about":[{"href":"https:\/\/kotki.ain-point.pl\/index.php?rest_route=\/wp\/v2\/types\/page"}],"author":[{"embeddable":true,"href":"https:\/\/kotki.ain-point.pl\/index.php?rest_route=\/wp\/v2\/users\/1"}],"replies":[{"embeddable":true,"href":"https:\/\/kotki.ain-point.pl\/index.php?rest_route=%2Fwp%2Fv2%2Fcomments&post=1302"}],"version-history":[{"count":4,"href":"https:\/\/kotki.ain-point.pl\/index.php?rest_route=\/wp\/v2\/pages\/1302\/revisions"}],"predecessor-version":[{"id":1351,"href":"https:\/\/kotki.ain-point.pl\/index.php?rest_route=\/wp\/v2\/pages\/1302\/revisions\/1351"}],"wp:attachment":[{"href":"https:\/\/kotki.ain-point.pl\/index.php?rest_route=%2Fwp%2Fv2%2Fmedia&parent=1302"}],"curies":[{"name":"wp","href":"https:\/\/api.w.org\/{rel}","templated":true}]}}