{"id":1201,"date":"2023-04-14T15:16:35","date_gmt":"2023-04-14T13:16:35","guid":{"rendered":"https:\/\/kotki.ain-point.pl\/?page_id=1201"},"modified":"2023-04-14T15:20:29","modified_gmt":"2023-04-14T13:20:29","slug":"wystawy-eri","status":"publish","type":"page","link":"https:\/\/kotki.ain-point.pl\/?page_id=1201","title":{"rendered":"Wystawy &#8211; Eri"},"content":{"rendered":"<div data-colibri-id=\"1201-c1\" class=\"style-706 style-local-1201-c1 position-relative\">\n  <!---->\n  <div data-colibri-component=\"section\" data-colibri-id=\"1201-c2\" id=\"initial-content\" class=\"h-section h-section-global-spacing d-flex align-items-lg-center align-items-md-center align-items-center style-707 style-local-1201-c2 position-relative\">\n    <!---->\n    <!---->\n    <div class=\"h-section-grid-container h-section-boxed-container\">\n      <!---->\n      <div data-colibri-id=\"1201-c3\" class=\"h-row-container gutters-row-lg-2 gutters-row-md-2 gutters-row-0 gutters-row-v-lg-2 gutters-row-v-md-2 gutters-row-v-2 style-708 style-local-1201-c3 position-relative\">\n        <!---->\n        <div class=\"h-row justify-content-lg-center justify-content-md-center justify-content-center align-items-lg-stretch align-items-md-stretch align-items-stretch gutters-col-lg-2 gutters-col-md-2 gutters-col-0 gutters-col-v-lg-2 gutters-col-v-md-2 gutters-col-v-2\">\n          <!---->\n          <div class=\"h-column h-column-container d-flex h-col-lg-auto h-col-md-auto h-col-auto style-709-outer style-local-1201-c4-outer\">\n            <div data-colibri-id=\"1201-c4\" class=\"d-flex h-flex-basis h-column__inner h-px-lg-2 h-px-md-2 h-px-2 v-inner-lg-2 v-inner-md-2 v-inner-2 style-709 style-local-1201-c4 position-relative\">\n              <!---->\n              <!---->\n              <div class=\"w-100 h-y-container h-column__content h-column__v-align flex-basis-100 align-self-lg-start align-self-md-start align-self-start\">\n                <!---->\n                <div data-colibri-id=\"1201-c5\" class=\"h-text h-text-component style-710 style-local-1201-c5 position-relative h-element\">\n                  <!---->\n                  <!---->\n                  <div class=\"\">\n                    <p>Lista wystaw oraz dyplom\u00f3w uzyskanych przez nasz\u0105 drug\u0105 kotk\u0119 &#8211; Erusi\u0119<\/p>\n                  <\/div>\n                <\/div>\n              <\/div>\n            <\/div>\n          <\/div>\n        <\/div>\n      <\/div>\n      <div data-colibri-id=\"1201-c9\" class=\"h-row-container gutters-row-lg-2 gutters-row-md-2 gutters-row-0 gutters-row-v-lg-2 gutters-row-v-md-2 gutters-row-v-2 style-714 style-local-1201-c9 position-relative\">\n        <!---->\n        <div class=\"h-row justify-content-lg-center justify-content-md-center justify-content-center align-items-lg-stretch align-items-md-stretch align-items-stretch gutters-col-lg-2 gutters-col-md-2 gutters-col-0 gutters-col-v-lg-2 gutters-col-v-md-2 gutters-col-v-2\">\n          <!---->\n          <div class=\"h-column h-column-container d-flex h-col-lg-auto h-col-md-auto h-col-auto style-715-outer style-local-1201-c10-outer\">\n            <div data-colibri-id=\"1201-c10\" class=\"d-flex h-flex-basis h-column__inner h-px-lg-2 h-px-md-2 h-px-2 v-inner-lg-2 v-inner-md-2 v-inner-2 style-715 style-local-1201-c10 position-relative\">\n              <!---->\n              <!---->\n              <div class=\"w-100 h-y-container h-column__content h-column__v-align flex-basis-100 align-self-lg-start align-self-md-start align-self-start\">\n                <!---->\n                <div data-colibri-id=\"1201-c11\" class=\"h-text h-text-component style-716 style-local-1201-c11 position-relative h-element\">\n                  <!---->\n                  <!---->\n                  <div class=\"\">\n                    \n<table id=\"tablepress-4\" class=\"tablepress tablepress-id-4\">\n<thead>\n<tr class=\"row-1 odd\">\n\t<th class=\"column-1\">DATA<\/th><th class=\"column-2\">MIEJSCE<\/th><th class=\"column-3\">S\u0118DZIA<\/th><th class=\"column-4\">KLASA<\/th><th class=\"column-5\">DYPLOMY<\/th>\n<\/tr>\n<\/thead>\n<tbody class=\"row-hover\">\n<tr class=\"row-2 even\">\n\t<td class=\"column-1\">23-02-2014r<\/td><td class=\"column-2\">LEGIONOWO (PL)<\/td><td class=\"column-3\">Louis Coste (FR)<\/td><td class=\"column-4\">Klasa 5<\/td><td class=\"column-5\"><\/td>\n<\/tr>\n<tr class=\"row-3 odd\">\n\t<td class=\"column-1\">22-02-2014r<\/td><td class=\"column-2\">LEGIONOWO (PL)<\/td><td class=\"column-3\">Steven L. Jones (NO)<\/td><td class=\"column-4\">Klasa 5<\/td><td class=\"column-5\"><\/td>\n<\/tr>\n<tr class=\"row-4 even\">\n\t<td class=\"column-1\">12-01-2014r<\/td><td class=\"column-2\">WARSZAWA (PL)<\/td><td class=\"column-3\">Henry Hornell (FR)<\/td><td class=\"column-4\">Klasa 5<\/td><td class=\"column-5\"><\/td>\n<\/tr>\n<tr class=\"row-5 odd\">\n\t<td class=\"column-1\">11-01-2014r<\/td><td class=\"column-2\">WARSZAWA (PL)<\/td><td class=\"column-3\">Kristina Rautio (FL)<\/td><td class=\"column-4\">Klasa 5<\/td><td class=\"column-5\"><\/td>\n<\/tr>\n<tr class=\"row-6 even\">\n\t<td class=\"column-1\">06-03-2011r<\/td><td class=\"column-2\">Ryga (LV)<\/td><td class=\"column-3\">Lene Hodal Glem (DK)<\/td><td class=\"column-4\">Klasa 5<\/td><td class=\"column-5\"><\/td>\n<\/tr>\n<tr class=\"row-7 odd\">\n\t<td class=\"column-1\">05-03-2011r<\/td><td class=\"column-2\">Ryga (LV)<\/td><td class=\"column-3\">Stephane Bernard (FR)<\/td><td class=\"column-4\">Klasa 7<\/td><td class=\"column-5\"><\/td>\n<\/tr>\n<tr class=\"row-8 even\">\n\t<td class=\"column-1\">30-01-2011r<\/td><td class=\"column-2\">LEGIONOWO (PL)<\/td><td class=\"column-3\">Myriam Klein Gasbarri (IT)<\/td><td class=\"column-4\">Klasa 7<\/td><td class=\"column-5\"><\/td>\n<\/tr>\n<tr class=\"row-9 odd\">\n\t<td class=\"column-1\">29-01-2011r<\/td><td class=\"column-2\">LEGIONOWO (PL)<\/td><td class=\"column-3\">Sirpa Lindelof (SE)<\/td><td class=\"column-4\">Klasa 7<\/td><td class=\"column-5\"><\/td>\n<\/tr>\n<tr class=\"row-10 even\">\n\t<td class=\"column-1\">21-11-2010r<\/td><td class=\"column-2\">POZNA\u0143 (PL)<\/td><td class=\"column-3\">Laura Burani (NO)<\/td><td class=\"column-4\">Klasa 9<\/td><td class=\"column-5\"><\/td>\n<\/tr>\n<tr class=\"row-11 odd\">\n\t<td class=\"column-1\">20-11-2010r<\/td><td class=\"column-2\">POZNA\u0143 (PL)<\/td><td class=\"column-3\">Dieter Filler (CH)<\/td><td class=\"column-4\">Klasa 9<\/td><td class=\"column-5\"><\/td>\n<\/tr>\n<tr class=\"row-12 even\">\n\t<td class=\"column-1\">10-10-2010r<\/td><td class=\"column-2\">PU\u0141AWY (PL)<\/td><td class=\"column-3\">Loredana Fanelli (IT)<\/td><td class=\"column-4\">Klasa 9<\/td><td class=\"column-5\"><\/td>\n<\/tr>\n<\/tbody>\n<\/table>\n<!-- #tablepress-4 from cache -->\n                  <\/div>\n                <\/div>\n              <\/div>\n            <\/div>\n          <\/div>\n        <\/div>\n      <\/div>\n    <\/div>\n  <\/div>\n<\/div>","protected":false},"excerpt":{"rendered":"<p>Lista wystaw oraz dyplom\u00f3w uzyskanych przez nasz\u0105 drug\u0105 kotk\u0119 &#8211; Erusi\u0119<\/p>\n","protected":false},"author":1,"featured_media":0,"parent":0,"menu_order":0,"comment_status":"closed","ping_status":"closed","template":"page-templates\/homepage.php","meta":{"ngg_post_thumbnail":0,"footnotes":""},"class_list":["post-1201","page","type-page","status-publish","hentry"],"_links":{"self":[{"href":"https:\/\/kotki.ain-point.pl\/index.php?rest_route=\/wp\/v2\/pages\/1201","targetHints":{"allow":["GET"]}}],"collection":[{"href":"https:\/\/kotki.ain-point.pl\/index.php?rest_route=\/wp\/v2\/pages"}],"about":[{"href":"https:\/\/kotki.ain-point.pl\/index.php?rest_route=\/wp\/v2\/types\/page"}],"author":[{"embeddable":true,"href":"https:\/\/kotki.ain-point.pl\/index.php?rest_route=\/wp\/v2\/users\/1"}],"replies":[{"embeddable":true,"href":"https:\/\/kotki.ain-point.pl\/index.php?rest_route=%2Fwp%2Fv2%2Fcomments&post=1201"}],"version-history":[{"count":2,"href":"https:\/\/kotki.ain-point.pl\/index.php?rest_route=\/wp\/v2\/pages\/1201\/revisions"}],"predecessor-version":[{"id":1210,"href":"https:\/\/kotki.ain-point.pl\/index.php?rest_route=\/wp\/v2\/pages\/1201\/revisions\/1210"}],"wp:attachment":[{"href":"https:\/\/kotki.ain-point.pl\/index.php?rest_route=%2Fwp%2Fv2%2Fmedia&parent=1201"}],"curies":[{"name":"wp","href":"https:\/\/api.w.org\/{rel}","templated":true}]}}