{"id":1087,"date":"2023-04-13T18:18:02","date_gmt":"2023-04-13T16:18:02","guid":{"rendered":"https:\/\/kotki.ain-point.pl\/?page_id=1087"},"modified":"2023-04-14T15:14:49","modified_gmt":"2023-04-14T13:14:49","slug":"wystawy-flash","status":"publish","type":"page","link":"https:\/\/kotki.ain-point.pl\/?page_id=1087","title":{"rendered":"Wystawy &#8211; Berenika"},"content":{"rendered":"<div data-colibri-id=\"1087-c1\" class=\"style-698 style-local-1087-c1 position-relative\">\n  <!---->\n  <div data-colibri-component=\"section\" data-colibri-id=\"1087-c2\" id=\"initial-content\" class=\"h-section h-section-global-spacing d-flex align-items-lg-center align-items-md-center align-items-center style-699 style-local-1087-c2 position-relative\">\n    <!---->\n    <!---->\n    <div class=\"h-section-grid-container h-section-boxed-container\">\n      <!---->\n      <div data-colibri-id=\"1087-c6\" class=\"h-row-container gutters-row-lg-2 gutters-row-md-2 gutters-row-0 gutters-row-v-lg-2 gutters-row-v-md-2 gutters-row-v-2 style-703 style-local-1087-c6 position-relative\">\n        <!---->\n        <div class=\"h-row justify-content-lg-center justify-content-md-center justify-content-center align-items-lg-stretch align-items-md-stretch align-items-stretch gutters-col-lg-2 gutters-col-md-2 gutters-col-0 gutters-col-v-lg-2 gutters-col-v-md-2 gutters-col-v-2\">\n          <!---->\n          <div class=\"h-column h-column-container d-flex h-col-lg-auto h-col-md-auto h-col-auto style-704-outer style-local-1087-c7-outer\">\n            <div data-colibri-id=\"1087-c7\" class=\"d-flex h-flex-basis h-column__inner h-px-lg-2 h-px-md-2 h-px-2 v-inner-lg-2 v-inner-md-2 v-inner-2 style-704 style-local-1087-c7 position-relative\">\n              <!---->\n              <!---->\n              <div class=\"w-100 h-y-container h-column__content h-column__v-align flex-basis-100 align-self-lg-start align-self-md-start align-self-start\">\n                <!---->\n                <div data-colibri-id=\"1087-c8\" class=\"h-text h-text-component style-705 style-local-1087-c8 position-relative h-element\">\n                  <!---->\n                  <!---->\n                  <div class=\"\">\n                    <p>Lista wystaw oraz dyplom\u00f3w uzyskanych przez nasz\u0105 pierwsz\u0105 kotk\u0119 &#8211; Bernik\u0119<\/p>\n                  <\/div>\n                <\/div>\n              <\/div>\n            <\/div>\n          <\/div>\n        <\/div>\n      <\/div>\n      <div data-colibri-id=\"1087-c3\" class=\"h-row-container gutters-row-lg-2 gutters-row-md-2 gutters-row-0 gutters-row-v-lg-2 gutters-row-v-md-2 gutters-row-v-2 style-700 style-local-1087-c3 position-relative\">\n        <!---->\n        <div class=\"h-row justify-content-lg-center justify-content-md-center justify-content-center align-items-lg-stretch align-items-md-stretch align-items-stretch gutters-col-lg-2 gutters-col-md-2 gutters-col-0 gutters-col-v-lg-2 gutters-col-v-md-2 gutters-col-v-2\">\n          <!---->\n          <div class=\"h-column h-column-container d-flex h-col-lg-auto h-col-md-auto h-col-auto style-701-outer style-local-1087-c4-outer\">\n            <div data-colibri-id=\"1087-c4\" class=\"d-flex h-flex-basis h-column__inner h-px-lg-2 h-px-md-2 h-px-2 v-inner-lg-2 v-inner-md-2 v-inner-2 style-701 style-local-1087-c4 position-relative\">\n              <!---->\n              <!---->\n              <div class=\"w-100 h-y-container h-column__content h-column__v-align flex-basis-100 align-self-lg-start align-self-md-start align-self-start\">\n                <!---->\n                <div data-colibri-id=\"1087-c5\" class=\"style-702 style-local-1087-c5 position-relative h-element\">\n                  <!---->\n                  <div>\n                    \n<table id=\"tablepress-3\" class=\"tablepress tablepress-id-3\">\n<thead>\n<tr class=\"row-1 odd\">\n\t<th class=\"column-1\">DATA<\/th><th class=\"column-2\">MIEJSCE<\/th><th class=\"column-3\">S\u0118DZIA<\/th><th class=\"column-4\">KLASA<\/th><th class=\"column-5\">DYPLOMY<\/th>\n<\/tr>\n<\/thead>\n<tbody class=\"row-hover\">\n<tr class=\"row-2 even\">\n\t<td class=\"column-1\">4-04-2009r<\/td><td class=\"column-2\">KOWNO (LT)<\/td><td class=\"column-3\">Fabrice Calmes (FR)<\/td><td class=\"column-4\">Klasa 5<\/td><td class=\"column-5\"><\/td>\n<\/tr>\n<tr class=\"row-3 odd\">\n\t<td class=\"column-1\">6-04-2008r<\/td><td class=\"column-2\">CHORZ\u00d3W (PL)<\/td><td class=\"column-3\">I. Pruchniak (PL)<\/td><td class=\"column-4\">Klasa 5<\/td><td class=\"column-5\"><\/td>\n<\/tr>\n<tr class=\"row-4 even\">\n\t<td class=\"column-1\">16-03-2008r<\/td><td class=\"column-2\">SIAULIAI (LT)<\/td><td class=\"column-3\">I. Pruchniak (PL)<\/td><td class=\"column-4\">Klasa 5<\/td><td class=\"column-5\"><\/td>\n<\/tr>\n<tr class=\"row-5 odd\">\n\t<td class=\"column-1\">15-03-2008r<\/td><td class=\"column-2\">SIAULIAI (LT)<\/td><td class=\"column-3\">Lone Lund (DK)<\/td><td class=\"column-4\">Klasa 7<\/td><td class=\"column-5\"><\/td>\n<\/tr>\n<tr class=\"row-6 even\">\n\t<td class=\"column-1\">2-03-2008r<\/td><td class=\"column-2\">WARSZAWA (PL)<\/td><td class=\"column-3\">Svetlana Stoliarova (BY)<\/td><td class=\"column-4\">Klasa 7<\/td><td class=\"column-5\"><\/td>\n<\/tr>\n<tr class=\"row-7 odd\">\n\t<td class=\"column-1\">1-03-2008r<\/td><td class=\"column-2\">WARSZAWA (PL)<\/td><td class=\"column-3\">Alva Uddin (SE)<\/td><td class=\"column-4\">Klasa 7<\/td><td class=\"column-5\"><\/td>\n<\/tr>\n<tr class=\"row-8 even\">\n\t<td class=\"column-1\">10-02-2008r<\/td><td class=\"column-2\">WARSZAWA (PL)<\/td><td class=\"column-3\">Luigi Comorio (IT)<\/td><td class=\"column-4\">Klasa 9<\/td><td class=\"column-5\"><\/td>\n<\/tr>\n<tr class=\"row-9 odd\">\n\t<td class=\"column-1\">9-02-2008r<\/td><td class=\"column-2\">WARSZAWA (PL)<\/td><td class=\"column-3\">Marek Chadaj (PL)<\/td><td class=\"column-4\">Klasa 9<\/td><td class=\"column-5\"><\/td>\n<\/tr>\n<tr class=\"row-10 even\">\n\t<td class=\"column-1\">19-01-2008r<\/td><td class=\"column-2\">TCZEW (PL)<\/td><td class=\"column-3\">Fabrice Calmes (FR)<\/td><td class=\"column-4\">Klasa 9<\/td><td class=\"column-5\"><\/td>\n<\/tr>\n<tr class=\"row-11 odd\">\n\t<td class=\"column-1\">15-12-2007r<\/td><td class=\"column-2\">WARSZAWA (PL)<\/td><td class=\"column-3\">A. Kurkowski (PL)<\/td><td class=\"column-4\">Klasa 11<\/td><td class=\"column-5\"><\/td>\n<\/tr>\n<tr class=\"row-12 even\">\n\t<td class=\"column-1\">2-12-2007r<\/td><td class=\"column-2\">WARSZAWA (PL)<\/td><td class=\"column-3\">Kveta Mahelkova (CZ)<\/td><td class=\"column-4\">Klasa 11<\/td><td class=\"column-5\"><\/td>\n<\/tr>\n<tr class=\"row-13 odd\">\n\t<td class=\"column-1\">1-12-2007r<\/td><td class=\"column-2\">WARSZAWA (PL)<\/td><td class=\"column-3\">Lilly Anciau (PT)<\/td><td class=\"column-4\">Klasa 11<\/td><td class=\"column-5\"><\/td>\n<\/tr>\n<tr class=\"row-14 even\">\n\t<td class=\"column-1\">14-10-2007r<\/td><td class=\"column-2\">WILNO (LT)<\/td><td class=\"column-3\">Svetlana Stoliarova (BY)<\/td><td class=\"column-4\">Klasa 11<\/td><td class=\"column-5\"><\/td>\n<\/tr>\n<tr class=\"row-15 odd\">\n\t<td class=\"column-1\">13-10-2007r<\/td><td class=\"column-2\">WILNO (LT)<\/td><td class=\"column-3\">Olga Komissarova (EE)<\/td><td class=\"column-4\">Klasa 11<\/td><td class=\"column-5\"><\/td>\n<\/tr>\n<tr class=\"row-16 even\">\n\t<td class=\"column-1\">07-10-2007r<\/td><td class=\"column-2\">WARSZAWA (PL)<\/td><td class=\"column-3\">Alexander Platz (DE)<\/td><td class=\"column-4\">Klasa 11<\/td><td class=\"column-5\"><\/td>\n<\/tr>\n<tr class=\"row-17 odd\">\n\t<td class=\"column-1\">06-10-2007r<\/td><td class=\"column-2\">WARSZAWA (PL)<\/td><td class=\"column-3\">Lili Anciau (PT)<\/td><td class=\"column-4\">Klasa 11<\/td><td class=\"column-5\"><\/td>\n<\/tr>\n<tr class=\"row-18 even\">\n\t<td class=\"column-1\">26-08-2007r<\/td><td class=\"column-2\">OLSZTYN (PL)<\/td><td class=\"column-3\">Jannick Renault (FR)<\/td><td class=\"column-4\">Klasa 16 (z miotem &#8222;B&#8221; Z Jadeitu*PL)<\/td><td class=\"column-5\"><\/td>\n<\/tr>\n<tr class=\"row-19 odd\">\n\t<td class=\"column-1\">25-08-2007r<\/td><td class=\"column-2\">OLSZTYN (PL)<\/td><td class=\"column-3\">Vesna Risnar-Resetic (HR)<\/td><td class=\"column-4\">Klasa 16 (z miotem &#8222;B&#8221; Z Jadeitu*PL)<\/td><td class=\"column-5\"><\/td>\n<\/tr>\n<tr class=\"row-20 even\">\n\t<td class=\"column-1\">22-07-2007r<\/td><td class=\"column-2\">GDA\u0143SK (PL)<\/td><td class=\"column-3\">A. Kneifel (DE)<\/td><td class=\"column-4\">Klasa 12<\/td><td class=\"column-5\"><\/td>\n<\/tr>\n<tr class=\"row-21 odd\">\n\t<td class=\"column-1\">21-07-2007r<\/td><td class=\"column-2\">GDA\u0143SK (PL)<\/td><td class=\"column-3\">A. Kurkowski (PL)<\/td><td class=\"column-4\">Klasa 12<\/td><td class=\"column-5\"><\/td>\n<\/tr>\n<\/tbody>\n<\/table>\n<!-- #tablepress-3 from cache -->\n                  <\/div>\n                <\/div>\n              <\/div>\n            <\/div>\n          <\/div>\n        <\/div>\n      <\/div>\n    <\/div>\n  <\/div>\n<\/div>","protected":false},"excerpt":{"rendered":"<p>Lista wystaw oraz dyplom\u00f3w uzyskanych przez nasz\u0105 pierwsz\u0105 kotk\u0119 &#8211; Bernik\u0119<\/p>\n","protected":false},"author":1,"featured_media":0,"parent":0,"menu_order":0,"comment_status":"closed","ping_status":"closed","template":"page-templates\/homepage.php","meta":{"ngg_post_thumbnail":0,"footnotes":""},"class_list":["post-1087","page","type-page","status-publish","hentry"],"_links":{"self":[{"href":"https:\/\/kotki.ain-point.pl\/index.php?rest_route=\/wp\/v2\/pages\/1087","targetHints":{"allow":["GET"]}}],"collection":[{"href":"https:\/\/kotki.ain-point.pl\/index.php?rest_route=\/wp\/v2\/pages"}],"about":[{"href":"https:\/\/kotki.ain-point.pl\/index.php?rest_route=\/wp\/v2\/types\/page"}],"author":[{"embeddable":true,"href":"https:\/\/kotki.ain-point.pl\/index.php?rest_route=\/wp\/v2\/users\/1"}],"replies":[{"embeddable":true,"href":"https:\/\/kotki.ain-point.pl\/index.php?rest_route=%2Fwp%2Fv2%2Fcomments&post=1087"}],"version-history":[{"count":5,"href":"https:\/\/kotki.ain-point.pl\/index.php?rest_route=\/wp\/v2\/pages\/1087\/revisions"}],"predecessor-version":[{"id":1186,"href":"https:\/\/kotki.ain-point.pl\/index.php?rest_route=\/wp\/v2\/pages\/1087\/revisions\/1186"}],"wp:attachment":[{"href":"https:\/\/kotki.ain-point.pl\/index.php?rest_route=%2Fwp%2Fv2%2Fmedia&parent=1087"}],"curies":[{"name":"wp","href":"https:\/\/api.w.org\/{rel}","templated":true}]}}